{"id":162,"date":"2022-11-02T18:13:54","date_gmt":"2022-11-02T18:13:54","guid":{"rendered":"http:\/\/csez.com.br\/?page_id=162"},"modified":"2022-11-26T16:50:25","modified_gmt":"2022-11-26T19:50:25","slug":"area-atuacao","status":"publish","type":"page","link":"https:\/\/csez.com.br\/en\/area-atuacao\/","title":{"rendered":"\u00c1rea de atua\u00e7\u00e3o"},"content":{"rendered":"","protected":false},"excerpt":{"rendered":"","protected":false},"author":1,"featured_media":0,"parent":0,"menu_order":0,"comment_status":"closed","ping_status":"closed","template":"","meta":{"footnotes":""},"class_list":["post-162","page","type-page","status-publish","hentry"],"_links":{"self":[{"href":"https:\/\/csez.com.br\/en\/wp-json\/wp\/v2\/pages\/162","targetHints":{"allow":["GET"]}}],"collection":[{"href":"https:\/\/csez.com.br\/en\/wp-json\/wp\/v2\/pages"}],"about":[{"href":"https:\/\/csez.com.br\/en\/wp-json\/wp\/v2\/types\/page"}],"author":[{"embeddable":true,"href":"https:\/\/csez.com.br\/en\/wp-json\/wp\/v2\/users\/1"}],"replies":[{"embeddable":true,"href":"https:\/\/csez.com.br\/en\/wp-json\/wp\/v2\/comments?post=162"}],"version-history":[{"count":5,"href":"https:\/\/csez.com.br\/en\/wp-json\/wp\/v2\/pages\/162\/revisions"}],"predecessor-version":[{"id":449,"href":"https:\/\/csez.com.br\/en\/wp-json\/wp\/v2\/pages\/162\/revisions\/449"}],"wp:attachment":[{"href":"https:\/\/csez.com.br\/en\/wp-json\/wp\/v2\/media?parent=162"}],"curies":[{"name":"wp","href":"https:\/\/api.w.org\/{rel}","templated":true}]}}